{"id":5904,"date":"2022-06-15T15:23:25","date_gmt":"2022-06-15T15:23:25","guid":{"rendered":"http:\/\/salon-madonna.dk\/?page_id=5904"},"modified":"2022-09-08T18:58:45","modified_gmt":"2022-09-08T18:58:45","slug":"klipning","status":"publish","type":"page","link":"https:\/\/salon-madonna.dk\/index.php\/klipning\/","title":{"rendered":"Klipning"},"content":{"rendered":"\t\t<div data-elementor-type=\"wp-page\" data-elementor-id=\"5904\" class=\"elementor elementor-5904\" data-elementor-settings=\"[]\">\n\t\t\t\t\t\t\t<div class=\"elementor-section-wrap\">\n\t\t\t\t\t\t\t<section class=\"elementor-section elementor-top-section elementor-element elementor-element-62dfe602 elementor-section-boxed elementor-section-height-default elementor-section-height-default mkdf-parallax-row-no mkdf-content-aligment-left mkdf-elementor-row-grid-no mkdf-disabled-bg-image-bellow-no\" data-id=\"62dfe602\" data-element_type=\"section\">\n\t\t\t\t\t\t<div class=\"elementor-container elementor-column-gap-default\">\n\t\t\t\t\t<div class=\"elementor-column elementor-col-100 elementor-top-column elementor-element elementor-element-5ff2013\" data-id=\"5ff2013\" data-element_type=\"column\">\n\t\t\t<div class=\"elementor-widget-wrap\">\n\t\t\t\t\t\t\t\t\t<\/div>\n\t\t<\/div>\n\t\t\t\t\t\t\t<\/div>\n\t\t<\/section>\n\t\t\t\t<section class=\"elementor-section elementor-top-section elementor-element elementor-element-cd7ae7d mkdf-elementor-row-grid-section elementor-section-boxed elementor-section-height-default elementor-section-height-default mkdf-parallax-row-no mkdf-content-aligment-left mkdf-disabled-bg-image-bellow-no\" data-id=\"cd7ae7d\" data-element_type=\"section\" data-settings=\"{&quot;background_background&quot;:&quot;classic&quot;}\">\n\t\t\t\t\t\t<div class=\"elementor-container elementor-column-gap-default\">\n\t\t\t\t\t<div class=\"elementor-column elementor-col-50 elementor-top-column elementor-element elementor-element-0a6495a\" data-id=\"0a6495a\" data-element_type=\"column\">\n\t\t\t<div class=\"elementor-widget-wrap elementor-element-populated\">\n\t\t\t\t\t\t\t\t<div class=\"elementor-element elementor-element-f212a06 elementor-hidden-mobile elementor-widget elementor-widget-mkdf_section_title\" data-id=\"f212a06\" data-element_type=\"widget\" data-widget_type=\"mkdf_section_title.default\">\n\t\t\t\t<div class=\"elementor-widget-container\">\n\t\t\t<div class=\"mkdf-section-title-holder  mkdf-dark mkdf-st-standard   \" style=\"text-align: right\">\n    <div class=\"mkdf-st-inner\">\n\n                    <var class=\"mkdf-st-background-text\" style=\"font-size:85px;left: -22px;top: -40px\" id=\"mkdf-st-background-text-89\" data-font-size=\"180px\" data-horizontal-offset=\"38px\" data-vertical-offset=\"-37px\">\n            Det rigtige snit            <\/var>\n        \n        \n        \n    <\/div>\n<\/div>\t\t<\/div>\n\t\t\t\t<\/div>\n\t\t\t\t<div class=\"elementor-element elementor-element-fa05c81 elementor-widget elementor-widget-image\" data-id=\"fa05c81\" data-element_type=\"widget\" data-widget_type=\"image.default\">\n\t\t\t\t<div class=\"elementor-widget-container\">\n\t\t\t\t\t\t\t\t\t\t\t\t\t\t\t<img loading=\"lazy\" decoding=\"async\" width=\"500\" height=\"500\" src=\"https:\/\/salon-madonna.dk\/wp-content\/uploads\/2022\/09\/Front-3.png\" class=\"attachment-large size-large\" alt=\"\" srcset=\"https:\/\/salon-madonna.dk\/wp-content\/uploads\/2022\/09\/Front-3.png 500w, https:\/\/salon-madonna.dk\/wp-content\/uploads\/2022\/09\/Front-3-300x300.png 300w, https:\/\/salon-madonna.dk\/wp-content\/uploads\/2022\/09\/Front-3-150x150.png 150w\" sizes=\"auto, (max-width: 500px) 100vw, 500px\" \/>\t\t\t\t\t\t\t\t\t\t\t\t\t\t\t<\/div>\n\t\t\t\t<\/div>\n\t\t\t\t\t<\/div>\n\t\t<\/div>\n\t\t\t\t<div class=\"elementor-column elementor-col-50 elementor-top-column elementor-element elementor-element-3046339\" data-id=\"3046339\" data-element_type=\"column\">\n\t\t\t<div class=\"elementor-widget-wrap elementor-element-populated\">\n\t\t\t\t\t\t\t\t<div class=\"elementor-element elementor-element-fc1f5a0 elementor-widget elementor-widget-spacer\" data-id=\"fc1f5a0\" data-element_type=\"widget\" data-widget_type=\"spacer.default\">\n\t\t\t\t<div class=\"elementor-widget-container\">\n\t\t\t\t\t<div class=\"elementor-spacer\">\n\t\t\t<div class=\"elementor-spacer-inner\"><\/div>\n\t\t<\/div>\n\t\t\t\t<\/div>\n\t\t\t\t<\/div>\n\t\t\t\t<div class=\"elementor-element elementor-element-e42a951 elementor-widget elementor-widget-text-editor\" data-id=\"e42a951\" data-element_type=\"widget\" data-widget_type=\"text-editor.default\">\n\t\t\t\t<div class=\"elementor-widget-container\">\n\t\t\t\t\t\t\t<h4>En klipning er alts\u00e5 ikke bare en klipning<\/h4>\t\t\t\t\t\t<\/div>\n\t\t\t\t<\/div>\n\t\t\t\t<div class=\"elementor-element elementor-element-16e556d elementor-widget elementor-widget-text-editor\" data-id=\"16e556d\" data-element_type=\"widget\" data-widget_type=\"text-editor.default\">\n\t\t\t\t<div class=\"elementor-widget-container\">\n\t\t\t\t\t\t\t<p>Et gammel ordsprog siger at der er en \u00e5rsag til ting koster hvad de koster. <br \/>Det samme kunne man sige om h\u00e5ndv\u00e6rksfaget fris\u00f8r.<br \/>Personalet hos Salon Madonna er faguddannet med en 4 \u00e5rig uddannelse.<br \/>Personalet har generelt en god lang historie bag sig i fris\u00f8rfaget og derfor en meget stor viden om deres h\u00e5ndv\u00e6rk.<br \/>Derfor er en klipning ikke bare en klipning. <\/p><p>Der er meget stor forskel p\u00e5 de enkelte h\u00e5rtyper, skilninger osv. <br \/>Det ved vores personale alt om, og derfor ved vi at man ikke g\u00e5r utilfreds fra salonne. <br \/>Vi s\u00e6tter en stor \u00e6re i at alle vores kunder g\u00e5r glade og tilfredse fra salonnen med en frisure de efterf\u00f8lgende kan h\u00e5ndterer og s\u00e6tte s\u00e5 det ser lige s\u00e5 p\u00e6nt ud som den dag de blev klippet.<br \/>Vi tager gerne en god snak med kunden og f\u00e5r vendt alle \u00f8nsker og muligheder s\u00e5 klipningen bliver optimal med et super resultat. Vi vil jo gerne se jer igen og igen&#8230;<\/p>\t\t\t\t\t\t<\/div>\n\t\t\t\t<\/div>\n\t\t\t\t\t<\/div>\n\t\t<\/div>\n\t\t\t\t\t\t\t<\/div>\n\t\t<\/section>\n\t\t\t\t<section class=\"mkdf-parallax-row-holder elementor-section elementor-top-section elementor-element elementor-element-1fb5457 mkdf-parallax-row-holder elementor-hidden-mobile elementor-section-boxed elementor-section-height-default elementor-section-height-default mkdf-content-aligment-left mkdf-elementor-row-grid-no mkdf-disabled-bg-image-bellow-no\" data-parallax-bg-speed=\"1\" data-parallax-bg-image=\"https:\/\/curly.qodeinteractive.com\/elementor\/wp-content\/uploads\/2018\/04\/p-parallax-img-1.jpg\" data-parallax-bg-height=\"0\" data-id=\"1fb5457\" data-element_type=\"section\" data-settings=\"{&quot;mikado_parallax_image&quot;:{&quot;url&quot;:&quot;https:\\\/\\\/curly.qodeinteractive.com\\\/elementor\\\/wp-content\\\/uploads\\\/2018\\\/04\\\/p-parallax-img-1.jpg&quot;,&quot;id&quot;:838}}\">\n\t\t\t\t\t\t<div class=\"elementor-container elementor-column-gap-default\">\n\t\t\t\t\t<div class=\"elementor-column elementor-col-100 elementor-top-column elementor-element elementor-element-d4984eb\" data-id=\"d4984eb\" data-element_type=\"column\">\n\t\t\t<div class=\"elementor-widget-wrap elementor-element-populated\">\n\t\t\t\t\t\t\t\t<div class=\"elementor-element elementor-element-bb8aef8 elementor-invisible elementor-widget elementor-widget-mkdf_testimonials\" data-id=\"bb8aef8\" data-element_type=\"widget\" data-settings=\"{&quot;_animation&quot;:&quot;fadeIn&quot;}\" data-widget_type=\"mkdf_testimonials.default\">\n\t\t\t\t<div class=\"elementor-widget-container\">\n\t\t\t<div class=\"mkdf-testimonials-holder clearfix mkdf-light\">\n\n            <var class=\"mkdf-testimonials-background-text\" style=\"font-size:px\">\n        Vores kunder siger...        <\/var>\n    \n    <div class=\"mkdf-testimonials-mark\">&#8221;<\/div>\n    <div class=\"mkdf-testimonials mkdf-owl-slider\" data-number-of-items=\"1\" data-enable-loop=\"yes\" data-enable-autoplay=\"yes\" data-slider-speed=\"5000\" data-slider-speed-animation=\"600\" data-enable-navigation=\"no\" data-enable-pagination=\"yes\"  data-slider-animate-in=\"fadeInLeft\" data-slider-animate-out=\"fadeOutRight\">\n\n        \n                <div class=\"mkdf-testimonial-content\" id=\"mkdf-testimonials-6214\">\n                    <div class=\"mkdf-testimonial-text-holder\">\n\n                        \n                                                    <h6 class=\"mkdf-testimonial-text\">Det var utroligt dejligt at f\u00e5 udtyndet lokkerne lidt. Utrolig s\u00f8dt og veluddannet personale, gode priser og massage i stolene. Rigtig dejlig oplevelse og vi kommer helt sikkert igen<\/h6>\n                        \n                                                    <h5 class=\"mkdf-testimonial-author\">\n                                <span class=\"mkdf-testimonials-author-name\">Majbritt B<\/span>\n                                                            <\/h5>\n                        \n                    <\/div>\n                <\/div>\n\n                \n                <div class=\"mkdf-testimonial-content\" id=\"mkdf-testimonials-6213\">\n                    <div class=\"mkdf-testimonial-text-holder\">\n\n                        \n                                                    <h6 class=\"mkdf-testimonial-text\">Min yndlings fris\u00f8r i hele Esbjerg.  Dygtige medarbejdere som altid lader dig g\u00e5 derfra med smukt h\u00e5r og de gode til at vejlede en. Det er let for hele familien at blive klippet p\u00e5 en gang fordi de er s\u00e5 dygtig til at samarbejde. Vi er s\u00e5 fan og kommer altid igen !<\/h6>\n                        \n                                                    <h5 class=\"mkdf-testimonial-author\">\n                                <span class=\"mkdf-testimonials-author-name\">Jill T<\/span>\n                                                            <\/h5>\n                        \n                    <\/div>\n                <\/div>\n\n                \n                <div class=\"mkdf-testimonial-content\" id=\"mkdf-testimonials-321\">\n                    <div class=\"mkdf-testimonial-text-holder\">\n\n                        \n                                                    <h6 class=\"mkdf-testimonial-text\">Jeg bor i K\u00f8benhavn, men f\u00e5r ordnet mit h\u00e5r hos Salon Madonna n\u00e5r jeg er i Esbjerg. Mit h\u00e5r bliver super flot, og prisen er helt fair. Selvom der er travlt g\u00f8r de hvad de kan for at finde en tid som passer hvis man kommer p\u00e5 venteliste<\/h6>\n                        \n                                                    <h5 class=\"mkdf-testimonial-author\">\n                                <span class=\"mkdf-testimonials-author-name\">Anna L<\/span>\n                                                            <\/h5>\n                        \n                    <\/div>\n                <\/div>\n\n                \n                <div class=\"mkdf-testimonial-content\" id=\"mkdf-testimonials-319\">\n                    <div class=\"mkdf-testimonial-text-holder\">\n\n                        \n                                                    <h6 class=\"mkdf-testimonial-text\">Jeg har den st\u00f8rste respekt for Salon Madonnas ejer og alle de s\u00f8de Ansatte. S\u00e5dan en fed stemning, og s\u00e5 f\u00e5r man langt mere end man betaler for. Har du som jeg, et barn der ikke er s\u00e5 vild med at blive klippet, vil jeg ogs\u00e5 her anbefale. Jeg er fan!<\/h6>\n                        \n                                                    <h5 class=\"mkdf-testimonial-author\">\n                                <span class=\"mkdf-testimonials-author-name\">Sofie J<\/span>\n                                                            <\/h5>\n                        \n                    <\/div>\n                <\/div>\n\n                \n                <div class=\"mkdf-testimonial-content\" id=\"mkdf-testimonials-307\">\n                    <div class=\"mkdf-testimonial-text-holder\">\n\n                        \n                                                    <h6 class=\"mkdf-testimonial-text\">Tusind tak for et par sk\u00f8nne timer i din fine salon s\u00f8de Ulla. Tak for mit nye h\u00e5r. Der skal jeg nok blive glad for. Jeg f\u00f8lte mig meget godt tilpas selvom i havde travlt. Jeg f\u00f8lte ikke at man bliver glemt. Jeg kommer igen og kan klart anbefale stedet. Virkelig godt. Tak for det.<\/h6>\n                        \n                                                    <h5 class=\"mkdf-testimonial-author\">\n                                <span class=\"mkdf-testimonials-author-name\">Kirsten L<\/span>\n                                                            <\/h5>\n                        \n                    <\/div>\n                <\/div>\n\n                \n    <\/div>\n<\/div>\t\t<\/div>\n\t\t\t\t<\/div>\n\t\t\t\t\t<\/div>\n\t\t<\/div>\n\t\t\t\t\t\t\t<\/div>\n\t\t<\/section>\n\t\t\t\t\t\t<\/div>\n\t\t\t\t\t<\/div>\n\t\t","protected":false},"excerpt":{"rendered":"<p>Det rigtige snit En klipning er alts\u00e5 ikke bare en klipning Et gammel ordsprog siger at der er en \u00e5rsag til ting koster hvad de koster. Det samme kunne man sige om h\u00e5ndv\u00e6rksfaget fris\u00f8r.Personalet hos Salon Madonna er faguddannet med [&hellip;]<\/p>\n","protected":false},"author":1,"featured_media":0,"parent":0,"menu_order":0,"comment_status":"closed","ping_status":"closed","template":"full-width.php","meta":{"footnotes":""},"class_list":["post-5904","page","type-page","status-publish","hentry"],"_links":{"self":[{"href":"https:\/\/salon-madonna.dk\/index.php\/wp-json\/wp\/v2\/pages\/5904","targetHints":{"allow":["GET"]}}],"collection":[{"href":"https:\/\/salon-madonna.dk\/index.php\/wp-json\/wp\/v2\/pages"}],"about":[{"href":"https:\/\/salon-madonna.dk\/index.php\/wp-json\/wp\/v2\/types\/page"}],"author":[{"embeddable":true,"href":"https:\/\/salon-madonna.dk\/index.php\/wp-json\/wp\/v2\/users\/1"}],"replies":[{"embeddable":true,"href":"https:\/\/salon-madonna.dk\/index.php\/wp-json\/wp\/v2\/comments?post=5904"}],"version-history":[{"count":56,"href":"https:\/\/salon-madonna.dk\/index.php\/wp-json\/wp\/v2\/pages\/5904\/revisions"}],"predecessor-version":[{"id":6385,"href":"https:\/\/salon-madonna.dk\/index.php\/wp-json\/wp\/v2\/pages\/5904\/revisions\/6385"}],"wp:attachment":[{"href":"https:\/\/salon-madonna.dk\/index.php\/wp-json\/wp\/v2\/media?parent=5904"}],"curies":[{"name":"wp","href":"https:\/\/api.w.org\/{rel}","templated":true}]}}